{"id":5056,"date":"2019-04-08T09:56:22","date_gmt":"2019-04-08T15:56:22","guid":{"rendered":"http:\/\/www.euterpe.enesmorelia.unam.mx\/?page_id=5056"},"modified":"2022-07-10T00:12:26","modified_gmt":"2022-07-10T05:12:26","slug":"congreso","status":"publish","type":"page","link":"https:\/\/euterpe.alternativagrafica.mx\/?page_id=5056","title":{"rendered":"Congreso"},"content":{"rendered":"<div id=\"pl-5056\"  class=\"panel-layout\" ><div id=\"pg-5056-0\"  class=\"panel-grid panel-no-style\" ><div id=\"pgc-5056-0-0\"  class=\"panel-grid-cell\" ><div id=\"panel-5056-0-0-0\" class=\"widget_text so-panel widget widget_custom_html panel-first-child panel-last-child\" data-index=\"0\" ><div class=\"textwidget custom-html-widget\">CONGRESO INTERNACIONAL CELEBRACI\u00d3N Y SONORIDAD\nINVESTIGACI\u00d3N INTERDISCIPLINARIA SOBRE FUENTES PO\u00c9TICO-MUSICALES HISPANOAMERICANAS (SIGLOS XVI-XIX)<\/h2>\n(Morelia, 14 al 16 de noviembre de 2019)<\/h2>\n<\/div><\/div><\/div><\/div><div id=\"pg-5056-1\"  class=\"panel-grid panel-no-style\" ><div id=\"pgc-5056-1-0\"  class=\"panel-grid-cell\" ><div id=\"panel-5056-1-0-0\" class=\"widget_text so-panel widget widget_custom_html panel-first-child panel-last-child\" data-index=\"1\" ><div class=\"textwidget custom-html-widget\"><br \/><\/div><\/div><\/div><\/div><div id=\"pg-5056-2\"  class=\"panel-grid panel-no-style\" ><div id=\"pgc-5056-2-0\"  class=\"panel-grid-cell\" ><div id=\"panel-5056-2-0-0\" class=\"widget_text so-panel widget widget_custom_html panel-first-child panel-last-child\" data-index=\"2\" ><div class=\"textwidget custom-html-widget\"><p align=\"center\"><a href=\"https:\/\/euterpe.enesmorelia.unam.mx\/?p=5346\" title=\"\">\n<img loading=\"lazy\" decoding=\"async\" width=\"500\" height=\"500\" src=\"https:\/\/euterpe.enesmorelia.unam.mx\/wp-content\/uploads\/2019\/04\/Presentaci\u00f3n.png \" class=\"attachment-moesia-thumb size-moesia-thumb wp-post-image\" alt=\"\" srcset=\"https:\/\/euterpe.enesmorelia.unam.mx\/wp-content\/uploads\/2019\/04\/Presentaci\u00f3n.png 500w,https:\/\/euterpe.enesmorelia.unam.mx\/wp-content\/uploads\/2019\/04\/Presentaci\u00f3n-150x150.png 150w, https:\/\/euterpe.enesmorelia.unam.mx\/wp-content\/uploads\/2018\/10\/Proyecto4-300x300.jpg 300w, https:\/\/euterpe.enesmorelia.unam.mx\/wp-content\/uploads\/2019\/04\/Presentaci\u00f3n-400x400.png 400w, https:\/\/euterpe.enesmorelia.unam.mx\/wp-content\/uploads\/2018\/10\/Proyecto4-430x430.jpg 430w, https:\/\/euterpe.enesmorelia.unam.mx\/wp-content\/uploads\/2019\/04\/Presentaci\u00f3n-100x100.png 100w\" sizes=\"(max-width: 500px) 100vw, 500px\">\t<\/a><\/p>\n<div align=\"center\"><a href=\"https:\/\/euterpe.enesmorelia.unam.mx\/?p=5346\" title=\"\"><h3 style=\"widget-title\">Presentaci\u00f3n<\/h3><\/a><\/div><\/div><\/div><\/div><div id=\"pgc-5056-2-1\"  class=\"panel-grid-cell\" ><div id=\"panel-5056-2-1-0\" class=\"widget_text so-panel widget widget_custom_html panel-first-child panel-last-child\" data-index=\"3\" ><div class=\"textwidget custom-html-widget\"><p align=\"center\"><a href=\"https:\/\/euterpe.enesmorelia.unam.mx\/?p=5361\" title=\"\">\n<img loading=\"lazy\" decoding=\"async\" width=\"500\" height=\"500\" src=\"https:\/\/euterpe.enesmorelia.unam.mx\/wp-content\/uploads\/2019\/04\/Convocatoria.png \" class=\"attachment-moesia-thumb size-moesia-thumb wp-post-image\" alt=\"\" srcset=\"https:\/\/euterpe.enesmorelia.unam.mx\/wp-content\/uploads\/2019\/04\/Convocatoria.png 500w,https:\/\/euterpe.enesmorelia.unam.mx\/wp-content\/uploads\/2019\/04\/Convocatoria-150x150.png 150w, https:\/\/euterpe.enesmorelia.unam.mx\/wp-content\/uploads\/2018\/10\/Convocatoria-300x300.jpg 300w, https:\/\/euterpe.enesmorelia.unam.mx\/wp-content\/uploads\/2019\/04\/Convocatoria-400x400.png 400w, https:\/\/euterpe.enesmorelia.unam.mx\/wp-content\/uploads\/2018\/10\/Convocatoria-430x430.jpg 430w, https:\/\/euterpe.enesmorelia.unam.mx\/wp-content\/uploads\/2019\/04\/Convocatoria-100x100.png 100w\" sizes=\"(max-width: 500px) 100vw, 500px\">\t<\/a><\/p>\n<div align=\"center\"><a href=\"https:\/\/euterpe.enesmorelia.unam.mx\/?p=5361\" title=\"\"><h3 style=\"widget-title\">Convocatoria<\/h3><\/a><\/div><\/div><\/div><\/div><div id=\"pgc-5056-2-2\"  class=\"panel-grid-cell\" ><div id=\"panel-5056-2-2-0\" class=\"widget_text so-panel widget widget_custom_html panel-first-child panel-last-child\" data-index=\"4\" ><div class=\"textwidget custom-html-widget\"><p align=\"center\"><a href=\"https:\/\/euterpe.enesmorelia.unam.mx\/?p=5363\" title=\"\">\n<img loading=\"lazy\" decoding=\"async\" width=\"500\" height=\"500\" src=\"http:\/\/www.euterpe.enesmorelia.unam.mx\/wp-content\/uploads\/2019\/04\/Comit\u00e9s.png \" class=\"attachment-moesia-thumb size-moesia-thumb wp-post-image\" alt=\"\" srcset=\"https:\/\/euterpe.enesmorelia.unam.mx\/wp-content\/uploads\/2019\/04\/Comit\u00e9s.png 500w,https:\/\/euterpe.enesmorelia.unam.mx\/wp-content\/uploads\/2019\/04\/Comit\u00e9s-150x150.png 150w, https:\/\/euterpe.enesmorelia.unam.mx\/wp-content\/uploads\/2018\/10\/Comit\u00e9s-300x300.jpg 300w, https:\/\/euterpe.enesmorelia.unam.mx\/wp-content\/uploads\/2019\/04\/Comit\u00e9s-400x400.png 400w, https:\/\/euterpe.enesmorelia.unam.mx\/wp-content\/uploads\/2018\/10\/Comit\u00e9s-430x430.jpg 430w, https:\/\/euterpe.enesmorelia.unam.mx\/wp-content\/uploads\/2019\/04\/Comit\u00e9s-100x100.png 100w\" sizes=\"(max-width: 500px) 100vw, 500px\">\t<\/a><\/p>\n<div align=\"center\"><a href=\"https:\/\/euterpe.enesmorelia.unam.mx\/?p=5363\" title=\"\"><h3 style=\"widget-title\">Comit\u00e9s<\/h3><\/a><\/div><\/div><\/div><\/div><div id=\"pgc-5056-2-3\"  class=\"panel-grid-cell\" ><div id=\"panel-5056-2-3-0\" class=\"widget_text so-panel widget widget_custom_html panel-first-child panel-last-child\" data-index=\"5\" ><div class=\"textwidget custom-html-widget\"><p align=\"center\"><a href=\"https:\/\/euterpe.enesmorelia.unam.mx\/?p=5365\" title=\"\">\n<img loading=\"lazy\" decoding=\"async\" width=\"500\" height=\"500\" src=\"https:\/\/euterpe.enesmorelia.unam.mx\/wp-content\/uploads\/2019\/04\/Programa.png \" class=\"attachment-moesia-thumb size-moesia-thumb wp-post-image\" alt=\"\" srcset=\"https:\/\/euterpe.enesmorelia.unam.mx\/wp-content\/uploads\/2019\/04\/Programa.png 500w,https:\/\/euterpe.enesmorelia.unam.mx\/wp-content\/uploads\/2019\/04\/Programa-150x150.png 150w, https:\/\/euterpe.enesmorelia.unam.mx\/wp-content\/uploads\/2018\/04\/Programa-300x300.jpg 300w, https:\/\/euterpe.enesmorelia.unam.mx\/wp-content\/uploads\/2019\/04\/Programa-400x400.png 400w, https:\/\/euterpe.enesmorelia.unam.mx\/wp-content\/uploads\/2018\/04\/Programa-430x430.jpg 430w, https:\/\/euterpe.enesmorelia.unam.mx\/wp-content\/uploads\/2019\/04\/Programa-100x100.png 100w\" sizes=\"(max-width: 500px) 100vw, 500px\">\t<\/a><\/p>\n<div align=\"center\"><a href=\"https:\/\/euterpe.enesmorelia.unam.mx\/?p=5365\" title=\"\"><h3 style=\"widget-title\">Programa<\/h3><\/a><\/div><\/div><\/div><\/div><\/div><\/div>","protected":false},"excerpt":{"rendered":"<p>CONGRESO INTERNACIONAL CELEBRACI\u00d3N Y SONORIDAD INVESTIGACI\u00d3N INTERDISCIPLINARIA SOBRE FUENTES PO\u00c9TICO-MUSICALES HISPANOAMERICANAS (SIGLOS XVI-XIX) (Morelia, 14 al 16 de noviembre de 2019) Presentaci\u00f3n Convocatoria Comit\u00e9s Programa<\/p>\n","protected":false},"author":1,"featured_media":0,"parent":0,"menu_order":0,"comment_status":"closed","ping_status":"closed","template":"","meta":{"footnotes":""},"_links":{"self":[{"href":"https:\/\/euterpe.alternativagrafica.mx\/index.php?rest_route=\/wp\/v2\/pages\/5056"}],"collection":[{"href":"https:\/\/euterpe.alternativagrafica.mx\/index.php?rest_route=\/wp\/v2\/pages"}],"about":[{"href":"https:\/\/euterpe.alternativagrafica.mx\/index.php?rest_route=\/wp\/v2\/types\/page"}],"author":[{"embeddable":true,"href":"https:\/\/euterpe.alternativagrafica.mx\/index.php?rest_route=\/wp\/v2\/users\/1"}],"replies":[{"embeddable":true,"href":"https:\/\/euterpe.alternativagrafica.mx\/index.php?rest_route=%2Fwp%2Fv2%2Fcomments&post=5056"}],"version-history":[{"count":36,"href":"https:\/\/euterpe.alternativagrafica.mx\/index.php?rest_route=\/wp\/v2\/pages\/5056\/revisions"}],"predecessor-version":[{"id":9192,"href":"https:\/\/euterpe.alternativagrafica.mx\/index.php?rest_route=\/wp\/v2\/pages\/5056\/revisions\/9192"}],"wp:attachment":[{"href":"https:\/\/euterpe.alternativagrafica.mx\/index.php?rest_route=%2Fwp%2Fv2%2Fmedia&parent=5056"}],"curies":[{"name":"wp","href":"https:\/\/api.w.org\/{rel}","templated":true}]}}