{"id":2040,"date":"2014-07-14T22:58:20","date_gmt":"2014-07-14T22:58:20","guid":{"rendered":"http:\/\/demo.athemes.com\/moesia\/?page_id=2040"},"modified":"2022-07-11T13:47:09","modified_gmt":"2022-07-11T18:47:09","slug":"front-page","status":"publish","type":"page","link":"https:\/\/euterpe.alternativagrafica.mx\/","title":{"rendered":"Inicio"},"content":{"rendered":"<div id=\"pl-2040\"  class=\"panel-layout\" ><div id=\"pg-2040-0\"  class=\"panel-grid panel-has-style\" ><div class=\"panel-row-style panel-row-style-for-2040-0\" ><div id=\"pgc-2040-0-0\"  class=\"panel-grid-cell\" ><div id=\"panel-2040-0-0-0\" class=\"widget_text so-panel widget widget_custom_html panel-first-child panel-last-child\" data-index=\"0\" ><div class=\"widget_text panel-widget-style panel-widget-style-for-2040-0-0-0\" ><h3 class=\"widget-title\">Acerca del proyecto<\/h3><div class=\"textwidget custom-html-widget\"><p align=\"justify\"><span style=\"font-size:14px\">Proyecto en colaboraci\u00f3n dedicado a la documentaci\u00f3n, catalogaci\u00f3n, edici\u00f3n cr\u00edtica e interpretaci\u00f3n de fuentes po\u00e9tico-musicales virreinales conservadas en distintas colecciones americanas y europeas.<br \/><br \/>\n\tEl proyecto es coordinado por Anastasia Krutitskaya (UNAM) y Edgar Alejandro Calder\u00f3n Alc\u00e1ntar (Conservatorio de las Rosas) y colabora con Aurelio Tello (Cenidim-INBA), B\u00e1rbara P\u00e9rez Ruiz (Cenidim-INBA), Omar Morales Abril (Cenidim-INBA), Nelson Hurtado (UNEARTE), Mariana Masera (UNAM), Tadeo Stein (UNAM) y Julia Sabena (CONICET).<\/span><\/p>\n<a class=\"all-news\" href=\"https:\/\/euterpe.enesmorelia.unam.mx\/?p=2940\">M\u00e1s sobre fuentes po\u00e9tico-musicales<\/a><\/div><\/div><\/div><\/div><div id=\"pgc-2040-0-1\"  class=\"panel-grid-cell\" ><div id=\"panel-2040-0-1-0\" class=\"so-panel widget widget_rpjc_widget_cat_recent_posts rpjc_widget_cat_recent_posts widget_recent_entries panel-first-child\" data-index=\"1\" ><h3 class=\"widget-title\">Noticias<\/h3> <a href=\"?cat=3\"><img loading=\"lazy\" decoding=\"async\" width=\"960\" height=\"970\" src=\"https:\/\/euterpe.alternativagrafica.mx\/wp-content\/uploads\/2020\/09\/noticia-presentacion-libros.jpg\" class=\"attachment-post-thumbnail size-post-thumbnail wp-post-image\" alt=\"\" srcset=\"https:\/\/euterpe.alternativagrafica.mx\/wp-content\/uploads\/2020\/09\/noticia-presentacion-libros.jpg 960w, https:\/\/euterpe.alternativagrafica.mx\/wp-content\/uploads\/2020\/09\/noticia-presentacion-libros-297x300.jpg 297w, https:\/\/euterpe.alternativagrafica.mx\/wp-content\/uploads\/2020\/09\/noticia-presentacion-libros-768x776.jpg 768w, https:\/\/euterpe.alternativagrafica.mx\/wp-content\/uploads\/2020\/09\/noticia-presentacion-libros-750x758.jpg 750w, https:\/\/euterpe.alternativagrafica.mx\/wp-content\/uploads\/2020\/09\/noticia-presentacion-libros-400x404.jpg 400w, https:\/\/euterpe.alternativagrafica.mx\/wp-content\/uploads\/2020\/09\/noticia-presentacion-libros-430x434.jpg 430w, https:\/\/euterpe.alternativagrafica.mx\/wp-content\/uploads\/2020\/09\/noticia-presentacion-libros-150x152.jpg 150w, https:\/\/euterpe.alternativagrafica.mx\/wp-content\/uploads\/2020\/09\/noticia-presentacion-libros-100x101.jpg 100w\" sizes=\"(max-width: 960px) 100vw, 960px\" \/><\/a> <\/div><div id=\"panel-2040-0-1-1\" class=\"widget_text so-panel widget widget_custom_html panel-last-child\" data-index=\"2\" ><div class=\"widget_text panel-widget-style panel-widget-style-for-2040-0-1-1\" ><div class=\"textwidget custom-html-widget\"><a class=\"all-news\" href=\"https:\/\/euterpe.enesmorelia.unam.mx\/?cat=3\">M\u00e1s noticias<\/a>\n\n<\/div><\/div><\/div><\/div><div id=\"pgc-2040-0-2\"  class=\"panel-grid-cell\" ><div id=\"panel-2040-0-2-0\" class=\"widget_text so-panel widget widget_custom_html panel-first-child\" data-index=\"3\" ><div class=\"widget_text panel-widget-style panel-widget-style-for-2040-0-2-0\" ><h3 class=\"widget-title\">Proyectos<\/h3><div class=\"textwidget custom-html-widget\"><a href=\"https:\/\/euterpe.enesmorelia.unam.mx\/?page_id=2455\" title=\"\">\n<img loading=\"lazy\" decoding=\"async\" width=\"500\" height=\"500\" src=\"https:\/\/euterpe.enesmorelia.unam.mx\/\/wp-content\/uploads\/2018\/10\/proyectos.jpg\" class=\"attachment-moesia-thumb size-moesia-thumb wp-post-image\" alt=\"\" srcset=\"https:\/\/euterpe.enesmorelia.unam.mx\/\/wp-content\/uploads\/2018\/10\/proyectos.jpg 500w, https:\/\/euterpe.enesmorelia.unam.mx\/wp-content\/uploads\/2018\/10\/proyectos-150x150.jpg 150w, https:\/\/euterpe.enesmorelia.unam.mx\/wp-content\/uploads\/2018\/10\/proyectos-300x300.jpg 300w, https:\/\/euterpe.enesmorelia.unam.mx\/wp-content\/uploads\/2018\/10\/proyectos-400x400.jpg 400w, https:\/\/euterpe.enesmorelia.unam.mx\/wp-content\/uploads\/2018\/10\/proyectos-430x430.jpg 430w, https:\/\/euterpe.enesmorelia.unam.mx\/wp-content\/uploads\/2018\/10\/proyectos-100x100.jpg 100w\" sizes=\"(max-width: 500px) 100vw, 500px\">\t\t\t<\/a><\/div><\/div><\/div><div id=\"panel-2040-0-2-1\" class=\"widget_text so-panel widget widget_custom_html panel-last-child\" data-index=\"4\" ><div class=\"widget_text panel-widget-style panel-widget-style-for-2040-0-2-1\" ><div class=\"textwidget custom-html-widget\"><a class=\"all-news\" href=\"https:\/\/euterpe.enesmorelia.unam.mx\/?page_id=2455\">Proyectos<\/a>\n<\/div><\/div><\/div><\/div><\/div><\/div><div id=\"pg-2040-1\"  class=\"panel-grid panel-has-style\" ><div class=\"panel-row-style panel-row-style-for-2040-1\" ><div id=\"pgc-2040-1-0\"  class=\"panel-grid-cell\" ><div id=\"panel-2040-1-0-0\" class=\"widget_text so-panel widget widget_custom_html panel-first-child\" data-index=\"5\" ><div class=\"widget_text panel-widget-style panel-widget-style-for-2040-1-0-0\" ><h3 class=\"widget-title\">Publicaciones<\/h3><div class=\"textwidget custom-html-widget\"><a href=\"https:\/\/euterpe.enesmorelia.unam.mx\/?page_id=3006\" title=\"\">\n\t\t\t\t<img loading=\"lazy\" decoding=\"async\" width=\"500\" height=\"500\" src=\"https:\/\/euterpe.enesmorelia.unam.mx\/wp-content\/uploads\/2018\/10\/publicaciones.jpg\" class=\"attachment-moesia-thumb size-moesia-thumb wp-post-image\" alt=\"\" srcset=\"https:\/\/euterpe.enesmorelia.unam.mx\/wp-content\/uploads\/2018\/10\/publicaciones.jpg 500w, https:\/\/euterpe.enesmorelia.unam.mx\/wp-content\/uploads\/2018\/10\/publicaciones-150x150.jpg 150w, https:\/\/euterpe.enesmorelia.unam.mx\/wp-content\/uploads\/2018\/10\/publicaciones-300x300.jpg 300w, https:\/\/euterpe.enesmorelia.unam.mx\/wp-content\/uploads\/2018\/10\/publicaciones-400x400.jpg 400w, https:\/\/euterpe.enesmorelia.unam.mx\/wp-content\/uploads\/2018\/10\/publicaciones-430x430.jpg 430w, https:\/\/euterpe.enesmorelia.unam.mx\/wp-content\/uploads\/2018\/10\/publicaciones-100x100.jpg 100w\" sizes=\"(max-width: 500px) 100vw, 500px\">\t\t\t<\/a><\/div><\/div><\/div><div id=\"panel-2040-1-0-1\" class=\"widget_text so-panel widget widget_custom_html panel-last-child\" data-index=\"6\" ><div class=\"widget_text panel-widget-style panel-widget-style-for-2040-1-0-1\" ><div class=\"textwidget custom-html-widget\"><a class=\"all-news\" href=\"https:\/\/euterpe.enesmorelia.unam.mx\/?page_id=3006\">Publicaciones<\/a><\/div><\/div><\/div><\/div><div id=\"pgc-2040-1-1\"  class=\"panel-grid-cell\" ><div id=\"panel-2040-1-1-0\" class=\"widget_text so-panel widget widget_custom_html panel-first-child\" data-index=\"7\" ><div class=\"widget_text panel-widget-style panel-widget-style-for-2040-1-1-0\" ><h3 class=\"widget-title\">Directorio<\/h3><div class=\"textwidget custom-html-widget\"><a href=\"https:\/\/euterpe.enesmorelia.unam.mx\/?page_id=2\" title=\"\">\n\t\t\t\t<img loading=\"lazy\" decoding=\"async\" width=\"500\" height=\"500\" src=\"https:\/\/euterpe.enesmorelia.unam.mx\/wp-content\/uploads\/2018\/12\/directorio.jpg\" class=\"attachment-moesia-thumb size-moesia-thumb wp-post-image\" alt=\"\" srcset=\"https:\/\/euterpe.enesmorelia.unam.mx\/wp-content\/uploads\/2018\/12\/directorio.jpg 500w, https:\/\/euterpe.enesmorelia.unam.mx\/wp-content\/uploads\/2018\/12\/directorio-150x150.jpg 150w, https:\/\/euterpe.enesmorelia.unam.mx\/wp-content\/uploads\/2018\/12\/directorio-300x300.jpg 300w, https:\/\/euterpe.enesmorelia.unam.mx\/wp-content\/uploads\/2018\/12\/publicaciones-400x400.jpg 400w, https:\/\/euterpe.enesmorelia.unam.mx\/wp-content\/uploads\/2018\/12\/directorio-430x430.jpg 430w, https:\/\/euterpe.enesmorelia.unam.mx\/wp-content\/uploads\/2018\/12\/directorio-100x100.jpg 100w\" sizes=\"(max-width: 500px) 100vw, 500px\">\t\t\t<\/a><\/div><\/div><\/div><div id=\"panel-2040-1-1-1\" class=\"widget_text so-panel widget widget_custom_html panel-last-child\" data-index=\"8\" ><div class=\"widget_text panel-widget-style panel-widget-style-for-2040-1-1-1\" ><div class=\"textwidget custom-html-widget\"><a class=\"all-news\" href=\"https:\/\/euterpe.enesmorelia.unam.mx\/?page_id=2\">Directorio<\/a>\n<\/div><\/div><\/div><\/div><div id=\"pgc-2040-1-2\"  class=\"panel-grid-cell\" ><div id=\"panel-2040-1-2-0\" class=\"widget_text so-panel widget widget_custom_html panel-first-child\" data-index=\"9\" ><div class=\"widget_text panel-widget-style panel-widget-style-for-2040-1-2-0\" ><h3 class=\"widget-title\">Repositorio<\/h3><div class=\"textwidget custom-html-widget\"><a href=\"https:\/\/euterpe.enesmorelia.unam.mx\/?page_id=735\" title=\"\">\n\t\t\t\t<img loading=\"lazy\" decoding=\"async\" width=\"500\" height=\"500\" src=\"https:\/\/sonora.geohistoriademexico.mx\/wp-content\/uploads\/2018\/10\/repositorio.jpg\" class=\"attachment-moesia-thumb size-moesia-thumb wp-post-image\" alt=\"\" srcset=\"https:\/\/euterpe.enesmorelia.unam.mx\/wp-content\/uploads\/2018\/10\/repositorio.jpg 500w, https:\/\/euterpe.enesmorelia.unam.mx\/wp-content\/uploads\/2018\/10\/repositorio-150x150.jpg 150w, https:\/\/euterpe.enesmorelia.unam.mx\/wp-content\/uploads\/2018\/10\/repositorio-300x300.jpg 300w, https:\/\/euterpe.enesmorelia.unam.mx\/wp-content\/uploads\/2018\/10\/repositorio-400x400.jpg 400w, https:\/\/euterpe.enesmorelia.unam.mx\/wp-content\/uploads\/2018\/10\/repositorio-430x430.jpg 430w, https:\/\/euterpe.enesmorelia.unam.mx\/wp-content\/uploads\/2018\/10\/repositorio-100x100.jpg 100w\" sizes=\"(max-width: 500px) 100vw, 500px\">\t\t\t<\/a><\/div><\/div><\/div><div id=\"panel-2040-1-2-1\" class=\"widget_text so-panel widget widget_custom_html panel-last-child\" data-index=\"10\" ><div class=\"widget_text panel-widget-style panel-widget-style-for-2040-1-2-1\" ><div class=\"textwidget custom-html-widget\"><a class=\"all-news\" href=\"https:\/\/euterpe.enesmorelia.unam.mx\/?page_id=735\">Repositorio<\/a>\n<\/div><\/div><\/div><\/div><\/div><\/div><div id=\"pg-2040-2\"  class=\"panel-grid panel-has-style\" ><div class=\"panel-row-style panel-row-style-for-2040-2\" ><div id=\"pgc-2040-2-0\"  class=\"panel-grid-cell\" ><div id=\"panel-2040-2-0-0\" class=\"so-panel widget widget_sow-post-carousel panel-first-child panel-last-child\" data-index=\"11\" ><div\n\t\t\t\n\t\t\tclass=\"so-widget-sow-post-carousel so-widget-sow-post-carousel-base-ad93eedad001-6644\"\n\t\t\t\n\t\t>\t<div\n\t\tclass=\"sow-post-carousel-wrapper sow-post-carousel-theme-base\"\n\t\tstyle=\"overflow: hidden; max-width: 100%; min-height: 182px\"\n\t>\n\t\t<div class=\"sow-carousel-title has-title\">\n\t<h3 class=\"widget-title\">Ciclo de Conferencias sobre el virreinato de nueva espa\u00f1a<\/h3>\t\t<div class=\"sow-carousel-navigation \">\n\t\t\t\t\t\t<a href=\"#\" class=\"sow-carousel-next\" title=\"Siguiente\" aria-label=\"Entradas siguientes\" role=\"button\"><\/a>\n\t\t\t\t\t\t<a href=\"#\" class=\"sow-carousel-previous\" title=\"Anterior\" aria-label=\"Entradas anteriores\" role=\"button\"><\/a>\n\t\t\t\t\t<\/div>\n\t<\/div>\n\n<div class=\"sow-carousel-container \">\n\t\t<div class=\"sow-carousel-wrapper\"\n\t\tdata-dir=\"ltr\"\n\t\tstyle=\"opacity: 0;\"\n\t\tdata-widget=\"post\" data-fetching=\"false\" data-page=\"1\" data-ajax-url=\"https:\/\/euterpe.alternativagrafica.mx\/wp-admin\/admin-ajax.php?_widgets_nonce=8b23fad003\" data-item_count=\"8\" data-carousel_settings=\"{&quot;loop&quot;:true,&quot;animation&quot;:&quot;Ease&quot;,&quot;animation_speed&quot;:400,&quot;autoplay&quot;:&quot;&quot;,&quot;pauseOnHover&quot;:&quot;&quot;,&quot;autoplaySpeed&quot;:8000,&quot;item_overflow&quot;:true,&quot;autoplay_continuous_scroll&quot;:false}\" data-responsive=\"{&quot;desktop_slides_to_scroll&quot;:1,&quot;tablet_landscape_breakpoint&quot;:1366,&quot;tablet_landscape_slides_to_scroll&quot;:2,&quot;tablet_portrait_breakpoint&quot;:1025,&quot;tablet_portrait_slides_to_scroll&quot;:2,&quot;mobile_breakpoint&quot;:480,&quot;mobile_slides_to_scroll&quot;:1}\" data-variable_width=\"true\" \t>\n\t\t<div\n\t\t\tclass=\"sow-carousel-items\"\n\t\t\t\t\t>\n\t\t\t\t<div class=\"sow-carousel-item\" tabindex=\"-1\" style=\"float: left;\">\n\t\t<div class=\"sow-carousel-thumbnail\">\n\t\t\t\t\t\t\t<a\n\t\t\t\t\thref=\"https:\/\/euterpe.alternativagrafica.mx\/?p=3382\"\n\t\t\t\t\t\t\t\t\t\tstyle=\"background-image: url( https:\/\/euterpe.alternativagrafica.mx\/wp-content\/uploads\/2018\/10\/23Feb-001-272x182.jpg )\"\n\t\t\t\t\taria-labelledby=\"sow-carousel-id-3382\"\n\t\t\t\t\ttabindex=\"-1\"\n\t\t\t\t>\n\t\t\t\t\t<span class=\"overlay\"><\/span>\n\t\t\t\t<\/a>\n\t\t\t\t\t<\/div>\n\t\t<h3 class=\"sow-carousel-item-title\">\n\t\t\t<a\n\t\t\t\thref=\"https:\/\/euterpe.alternativagrafica.mx\/?p=3382\"\n\t\t\t\tid=\"sow-carousel-id-3382\"\n\t\t\t\t\t\t\t\ttabindex=\"-1\"\n\t\t\t>\n\n\t\t\t\t23 de febrero de 2018 | Hern\u00e1n Cort\u00e9s, de h\u00e9roe a villano | Dr. Antonio Rubial\t\t\t<\/a>\n\t\t<\/h3>\n\t<\/div>\n\t<div class=\"sow-carousel-item\" tabindex=\"-1\" style=\"float: left;\">\n\t\t<div class=\"sow-carousel-thumbnail\">\n\t\t\t\t\t\t\t<a\n\t\t\t\t\thref=\"https:\/\/euterpe.alternativagrafica.mx\/?p=3389\"\n\t\t\t\t\t\t\t\t\t\tstyle=\"background-image: url( https:\/\/euterpe.alternativagrafica.mx\/wp-content\/uploads\/2018\/10\/23Mar-001-272x182.jpg )\"\n\t\t\t\t\taria-labelledby=\"sow-carousel-id-3389\"\n\t\t\t\t\ttabindex=\"-1\"\n\t\t\t\t>\n\t\t\t\t\t<span class=\"overlay\"><\/span>\n\t\t\t\t<\/a>\n\t\t\t\t\t<\/div>\n\t\t<h3 class=\"sow-carousel-item-title\">\n\t\t\t<a\n\t\t\t\thref=\"https:\/\/euterpe.alternativagrafica.mx\/?p=3389\"\n\t\t\t\tid=\"sow-carousel-id-3389\"\n\t\t\t\t\t\t\t\ttabindex=\"-1\"\n\t\t\t>\n\n\t\t\t\t23 de marzo de 2018 | Voces ind\u00edgenas en la Historia General de fray Bernardino de Sahag\u00fan | Dra. Pilar M\u00e1ynez\t\t\t<\/a>\n\t\t<\/h3>\n\t<\/div>\n\t<div class=\"sow-carousel-item\" tabindex=\"-1\" style=\"float: left;\">\n\t\t<div class=\"sow-carousel-thumbnail\">\n\t\t\t\t\t\t\t<a\n\t\t\t\t\thref=\"https:\/\/euterpe.alternativagrafica.mx\/?p=3391\"\n\t\t\t\t\t\t\t\t\t\tstyle=\"background-image: url( https:\/\/euterpe.alternativagrafica.mx\/wp-content\/uploads\/2018\/10\/27Abr-001-272x182.jpg )\"\n\t\t\t\t\taria-labelledby=\"sow-carousel-id-3391\"\n\t\t\t\t\ttabindex=\"-1\"\n\t\t\t\t>\n\t\t\t\t\t<span class=\"overlay\"><\/span>\n\t\t\t\t<\/a>\n\t\t\t\t\t<\/div>\n\t\t<h3 class=\"sow-carousel-item-title\">\n\t\t\t<a\n\t\t\t\thref=\"https:\/\/euterpe.alternativagrafica.mx\/?p=3391\"\n\t\t\t\tid=\"sow-carousel-id-3391\"\n\t\t\t\t\t\t\t\ttabindex=\"-1\"\n\t\t\t>\n\n\t\t\t\t27 de abril de 2018 | Creencias y pr\u00e1cticas religiosas durante el Virreinato de Nueva Espa\u00f1a | Dra. Gisela von Wobeser\t\t\t<\/a>\n\t\t<\/h3>\n\t<\/div>\n\t<div class=\"sow-carousel-item\" tabindex=\"-1\" style=\"float: left;\">\n\t\t<div class=\"sow-carousel-thumbnail\">\n\t\t\t\t\t\t\t<a\n\t\t\t\t\thref=\"https:\/\/euterpe.alternativagrafica.mx\/?p=3393\"\n\t\t\t\t\t\t\t\t\t\tstyle=\"background-image: url( https:\/\/euterpe.alternativagrafica.mx\/wp-content\/uploads\/2018\/10\/25May-001-272x182.jpg )\"\n\t\t\t\t\taria-labelledby=\"sow-carousel-id-3393\"\n\t\t\t\t\ttabindex=\"-1\"\n\t\t\t\t>\n\t\t\t\t\t<span class=\"overlay\"><\/span>\n\t\t\t\t<\/a>\n\t\t\t\t\t<\/div>\n\t\t<h3 class=\"sow-carousel-item-title\">\n\t\t\t<a\n\t\t\t\thref=\"https:\/\/euterpe.alternativagrafica.mx\/?p=3393\"\n\t\t\t\tid=\"sow-carousel-id-3393\"\n\t\t\t\t\t\t\t\ttabindex=\"-1\"\n\t\t\t>\n\n\t\t\t\t25 de mayo de 2018 | Casos de amor y muerte en la poes\u00eda novohispana | Dr. Jos\u00e9 Pascual Bux\u00f3\t\t\t<\/a>\n\t\t<\/h3>\n\t<\/div>\n\t<div class=\"sow-carousel-item\" tabindex=\"-1\" style=\"float: left;\">\n\t\t<div class=\"sow-carousel-thumbnail\">\n\t\t\t\t\t\t\t<a\n\t\t\t\t\thref=\"https:\/\/euterpe.alternativagrafica.mx\/?p=3395\"\n\t\t\t\t\t\t\t\t\t\tstyle=\"background-image: url( https:\/\/euterpe.alternativagrafica.mx\/wp-content\/uploads\/2018\/10\/24Ago-001-272x182.jpg )\"\n\t\t\t\t\taria-labelledby=\"sow-carousel-id-3395\"\n\t\t\t\t\ttabindex=\"-1\"\n\t\t\t\t>\n\t\t\t\t\t<span class=\"overlay\"><\/span>\n\t\t\t\t<\/a>\n\t\t\t\t\t<\/div>\n\t\t<h3 class=\"sow-carousel-item-title\">\n\t\t\t<a\n\t\t\t\thref=\"https:\/\/euterpe.alternativagrafica.mx\/?p=3395\"\n\t\t\t\tid=\"sow-carousel-id-3395\"\n\t\t\t\t\t\t\t\ttabindex=\"-1\"\n\t\t\t>\n\n\t\t\t\t24 de agosto de 2018 | Universidades y colegios en la \u00e9poca colonial. Una revisi\u00f3n historiogr\u00e1fica | Dr. Enrique Gonz\u00e1lez Gonz\u00e1lez\t\t\t<\/a>\n\t\t<\/h3>\n\t<\/div>\n\t<div class=\"sow-carousel-item\" tabindex=\"-1\" style=\"float: left;\">\n\t\t<div class=\"sow-carousel-thumbnail\">\n\t\t\t\t\t\t\t<a\n\t\t\t\t\thref=\"https:\/\/euterpe.alternativagrafica.mx\/?p=3397\"\n\t\t\t\t\t\t\t\t\t\tstyle=\"background-image: url( https:\/\/euterpe.alternativagrafica.mx\/wp-content\/uploads\/2018\/10\/28Sep-001-272x182.jpg )\"\n\t\t\t\t\taria-labelledby=\"sow-carousel-id-3397\"\n\t\t\t\t\ttabindex=\"-1\"\n\t\t\t\t>\n\t\t\t\t\t<span class=\"overlay\"><\/span>\n\t\t\t\t<\/a>\n\t\t\t\t\t<\/div>\n\t\t<h3 class=\"sow-carousel-item-title\">\n\t\t\t<a\n\t\t\t\thref=\"https:\/\/euterpe.alternativagrafica.mx\/?p=3397\"\n\t\t\t\tid=\"sow-carousel-id-3397\"\n\t\t\t\t\t\t\t\ttabindex=\"-1\"\n\t\t\t>\n\n\t\t\t\t28 de septiembre de 2018 | Arte y ritual festivo en el mundo novohispano | Dra. Nelly Sigaut\t\t\t<\/a>\n\t\t<\/h3>\n\t<\/div>\n\t<div class=\"sow-carousel-item\" tabindex=\"-1\" style=\"float: left;\">\n\t\t<div class=\"sow-carousel-thumbnail\">\n\t\t\t\t\t\t\t<a\n\t\t\t\t\thref=\"https:\/\/euterpe.alternativagrafica.mx\/?p=3476\"\n\t\t\t\t\t\t\t\t\t\tstyle=\"background-image: url( https:\/\/euterpe.alternativagrafica.mx\/wp-content\/uploads\/2018\/11\/26Oct-001-272x182.jpg )\"\n\t\t\t\t\taria-labelledby=\"sow-carousel-id-3476\"\n\t\t\t\t\ttabindex=\"-1\"\n\t\t\t\t>\n\t\t\t\t\t<span class=\"overlay\"><\/span>\n\t\t\t\t<\/a>\n\t\t\t\t\t<\/div>\n\t\t<h3 class=\"sow-carousel-item-title\">\n\t\t\t<a\n\t\t\t\thref=\"https:\/\/euterpe.alternativagrafica.mx\/?p=3476\"\n\t\t\t\tid=\"sow-carousel-id-3476\"\n\t\t\t\t\t\t\t\ttabindex=\"-1\"\n\t\t\t>\n\n\t\t\t\t26 de octubre 2018 | El gongorismo en la poes\u00eda novohispana | Dra. Martha Lilia Tenorio\t\t\t<\/a>\n\t\t<\/h3>\n\t<\/div>\n\t<div class=\"sow-carousel-item\" tabindex=\"-1\" style=\"float: left;\">\n\t\t<div class=\"sow-carousel-thumbnail\">\n\t\t\t\t\t\t\t<a\n\t\t\t\t\thref=\"https:\/\/euterpe.alternativagrafica.mx\/?p=3478\"\n\t\t\t\t\t\t\t\t\t\tstyle=\"background-image: url( https:\/\/euterpe.alternativagrafica.mx\/wp-content\/uploads\/2018\/11\/23Nov-001-272x182.jpg )\"\n\t\t\t\t\taria-labelledby=\"sow-carousel-id-3478\"\n\t\t\t\t\ttabindex=\"-1\"\n\t\t\t\t>\n\t\t\t\t\t<span class=\"overlay\"><\/span>\n\t\t\t\t<\/a>\n\t\t\t\t\t<\/div>\n\t\t<h3 class=\"sow-carousel-item-title\">\n\t\t\t<a\n\t\t\t\thref=\"https:\/\/euterpe.alternativagrafica.mx\/?p=3478\"\n\t\t\t\tid=\"sow-carousel-id-3478\"\n\t\t\t\t\t\t\t\ttabindex=\"-1\"\n\t\t\t>\n\n\t\t\t\t23 de noviembre 2018 | duerme, ni\u00f1o, descansa&#8230; ingenio y tradici\u00f3n en villancicos novohispanos | Mtro. Omar Morales Abril\t\t\t<\/a>\n\t\t<\/h3>\n\t<\/div>\n\t\t<\/div>\n\t\t\t<\/div>\n\n\t<\/div>\n\t\t<input type=\"hidden\" name=\"instance_hash\" value=\"1fc56b04\"\/>\n\t<\/div>\n<\/div><\/div><\/div><\/div><\/div><\/div>","protected":false},"excerpt":{"rendered":"","protected":false},"author":1,"featured_media":0,"parent":0,"menu_order":0,"comment_status":"closed","ping_status":"closed","template":"page_front-page.php","meta":{"footnotes":""},"_links":{"self":[{"href":"https:\/\/euterpe.alternativagrafica.mx\/index.php?rest_route=\/wp\/v2\/pages\/2040"}],"collection":[{"href":"https:\/\/euterpe.alternativagrafica.mx\/index.php?rest_route=\/wp\/v2\/pages"}],"about":[{"href":"https:\/\/euterpe.alternativagrafica.mx\/index.php?rest_route=\/wp\/v2\/types\/page"}],"author":[{"embeddable":true,"href":"https:\/\/euterpe.alternativagrafica.mx\/index.php?rest_route=\/wp\/v2\/users\/1"}],"replies":[{"embeddable":true,"href":"https:\/\/euterpe.alternativagrafica.mx\/index.php?rest_route=%2Fwp%2Fv2%2Fcomments&post=2040"}],"version-history":[{"count":194,"href":"https:\/\/euterpe.alternativagrafica.mx\/index.php?rest_route=\/wp\/v2\/pages\/2040\/revisions"}],"predecessor-version":[{"id":9201,"href":"https:\/\/euterpe.alternativagrafica.mx\/index.php?rest_route=\/wp\/v2\/pages\/2040\/revisions\/9201"}],"wp:attachment":[{"href":"https:\/\/euterpe.alternativagrafica.mx\/index.php?rest_route=%2Fwp%2Fv2%2Fmedia&parent=2040"}],"curies":[{"name":"wp","href":"https:\/\/api.w.org\/{rel}","templated":true}]}}